{"id":87,"date":"2016-05-16T11:34:14","date_gmt":"2016-05-16T11:34:14","guid":{"rendered":"http:\/\/demo2.woothemes.com\/woocommerce\/?post_type=product&#038;p=87"},"modified":"2024-12-08T16:34:17","modified_gmt":"2024-12-08T16:34:17","slug":"bo-thun-nu-tay-ngan-quan-om-dai","status":"publish","type":"product","link":"https:\/\/8275.matbao.website\/index.php\/product\/bo-thun-nu-tay-ngan-quan-om-dai\/","title":{"rendered":"B\u1ed9 thun n\u1eef tay ng\u1eafn qu\u1ea7n \u00f4m d\u00e0i"},"content":{"rendered":"<h3><strong>Ch\u1ea5t Li\u1ec7u M\u1ec1m M\u1ea1i, Co Gi\u00e3n T\u1ed1t<\/strong><\/h3>\n<p>S\u1ea3n ph\u1ea9m \u0111\u01b0\u1ee3c l\u00e0m t\u1eeb ch\u1ea5t li\u1ec7u thun cotton ho\u1eb7c thun l\u1ea1nh cao c\u1ea5p, m\u1ec1m m\u1ea1i v\u00e0 th\u1ea5m h\u00fat m\u1ed3 h\u00f4i t\u1ed1t, gi\u00fap mang l\u1ea1i c\u1ea3m gi\u00e1c tho\u1ea3i m\u00e1i t\u1ed1i \u0111a trong su\u1ed1t c\u1ea3 ng\u00e0y. \u0110\u1eb7c t\u00ednh co gi\u00e3n 4 chi\u1ec1u c\u1ee7a ch\u1ea5t li\u1ec7u kh\u00f4ng ch\u1ec9 \u0111\u1ea3m b\u1ea3o \u0111\u1ed9 \u00f4m v\u1eeba v\u1eb7n m\u00e0 c\u00f2n gi\u00fap ng\u01b0\u1eddi m\u1eb7c d\u1ec5 d\u00e0ng v\u1eadn \u0111\u1ed9ng m\u00e0 kh\u00f4ng b\u1ecb g\u00f2 b\u00f3.<\/p>\n<h3><strong>\u0110a D\u1ee5ng v\u00e0 D\u1ec5 Ph\u1ed1i H\u1ee3p<\/strong><\/h3>\n<p>V\u1edbi t\u00ednh \u0111a d\u1ee5ng, b\u1ed9 thun c\u00f3 th\u1ec3 m\u1eb7c ri\u00eang l\u1ebb ho\u1eb7c k\u1ebft h\u1ee3p v\u1edbi c\u00e1c ph\u1ee5 ki\u1ec7n nh\u01b0 gi\u00e0y th\u1ec3 thao, t\u00fai x\u00e1ch nh\u1ecf hay n\u00f3n l\u01b0\u1ee1i trai \u0111\u1ec3 t\u1ea1o n\u00ean phong c\u00e1ch n\u0103ng \u0111\u1ed9ng, tr\u1ebb trung. Ngo\u00e0i ra, ki\u1ec3u d\u00e1ng basic c\u1ee7a b\u1ed9 \u0111\u1ed3 ph\u00f9 h\u1ee3p v\u1edbi m\u1ecdi d\u00e1ng ng\u01b0\u1eddi, d\u1ec5 d\u00e0ng tr\u1edf th\u00e0nh m\u00f3n \u0111\u1ed3 &#8220;must-have&#8221; trong t\u1ee7 qu\u1ea7n \u00e1o c\u1ee7a c\u00e1c c\u00f4 n\u00e0ng hi\u1ec7n \u0111\u1ea1i.<\/p>\n<h3><strong>Ph\u00f9 H\u1ee3p V\u1edbi Nhi\u1ec1u M\u00f9a<\/strong><\/h3>\n<p>B\u1ed9 thun tay ng\u1eafn v\u00e0 qu\u1ea7n d\u00e0i ph\u00f9 h\u1ee3p \u0111\u1ec3 m\u1eb7c trong nh\u1eefng ng\u00e0y h\u00e8 ho\u1eb7c chuy\u1ec3n m\u00f9a. B\u1ea1n c\u00f3 th\u1ec3 th\u00eam \u00e1o kho\u00e1c m\u1ecfng ho\u1eb7c cardigan \u0111\u1ec3 v\u1eeba gi\u1eef \u1ea5m v\u1eeba gi\u1eef \u0111\u01b0\u1ee3c s\u1ef1 th\u1eddi trang trong nh\u1eefng ng\u00e0y se l\u1ea1nh.<\/p>\n<p>H\u00e3y l\u1ef1a ch\u1ecdn b\u1ed9 thun n\u1eef tay ng\u1eafn qu\u1ea7n \u00f4m d\u00e0i \u0111\u1ec3 c\u1ea3m nh\u1eadn s\u1ef1 ti\u1ec7n d\u1ee5ng, tho\u1ea3i m\u00e1i v\u00e0 phong c\u00e1ch m\u00e0 n\u00f3 mang l\u1ea1i!<\/p>\n","protected":false},"excerpt":{"rendered":"<p>B\u1ed9 thun n\u1eef tay ng\u1eafn qu\u1ea7n \u00f4m d\u00e0i \u0111\u01b0\u1ee3c thi\u1ebft k\u1ebf \u0111\u01a1n gi\u1ea3n nh\u01b0ng v\u00f4 c\u00f9ng tinh t\u1ebf, mang \u0111\u1ebfn v\u1ebb ngo\u00e0i tr\u1ebb trung, n\u0103ng \u0111\u1ed9ng v\u00e0 hi\u1ec7n \u0111\u1ea1i. \u00c1o tay ng\u1eafn gi\u00fap t\u00f4n l\u00ean s\u1ef1 tho\u1ea3i m\u00e1i v\u00e0 tho\u00e1ng m\u00e1t, trong khi qu\u1ea7n \u00f4m d\u00e0i nh\u1ea5n m\u1ea1nh \u0111\u01b0\u1eddng n\u00e9t c\u01a1 th\u1ec3, t\u1ea1o c\u1ea3m gi\u00e1c g\u1ecdn g\u00e0ng v\u00e0 n\u0103ng \u0111\u1ed9ng. B\u1ed9 \u0111\u1ed3 ph\u00f9 h\u1ee3p v\u1edbi nhi\u1ec1u ho\u00e0n c\u1ea3nh, t\u1eeb d\u1ea1o ph\u1ed1, \u0111i ch\u01a1i, \u0111\u1ebfn c\u00e1c ho\u1ea1t \u0111\u1ed9ng nh\u1eb9 nh\u00e0ng nh\u01b0 t\u1eadp th\u1ec3 d\u1ee5c hay yoga.<\/p>\n","protected":false},"featured_media":2202,"comment_status":"open","ping_status":"closed","template":"","meta":[],"product_cat":[49,34,50],"product_tag":[51,27,35,37,29],"class_list":{"0":"post-87","1":"product","2":"type-product","3":"status-publish","4":"has-post-thumbnail","6":"product_cat-mat-kinh","7":"product_cat-quan-ao","8":"product_cat-women","9":"product_tag-nu","10":"product_tag-phu-kien","11":"product_tag-quan-ao","12":"product_tag-thoi-trang","13":"product_tag-tui-xach","14":"yith_product_brand-lotte","17":"instock","18":"downloadable","19":"shipping-taxable","20":"purchasable","21":"product-type-simple"},"_links":{"self":[{"href":"https:\/\/8275.matbao.website\/index.php\/wp-json\/wp\/v2\/product\/87"}],"collection":[{"href":"https:\/\/8275.matbao.website\/index.php\/wp-json\/wp\/v2\/product"}],"about":[{"href":"https:\/\/8275.matbao.website\/index.php\/wp-json\/wp\/v2\/types\/product"}],"replies":[{"embeddable":true,"href":"https:\/\/8275.matbao.website\/index.php\/wp-json\/wp\/v2\/comments?post=87"}],"wp:featuredmedia":[{"embeddable":true,"href":"https:\/\/8275.matbao.website\/index.php\/wp-json\/wp\/v2\/media\/2202"}],"wp:attachment":[{"href":"https:\/\/8275.matbao.website\/index.php\/wp-json\/wp\/v2\/media?parent=87"}],"wp:term":[{"taxonomy":"product_cat","embeddable":true,"href":"https:\/\/8275.matbao.website\/index.php\/wp-json\/wp\/v2\/product_cat?post=87"},{"taxonomy":"product_tag","embeddable":true,"href":"https:\/\/8275.matbao.website\/index.php\/wp-json\/wp\/v2\/product_tag?post=87"}],"curies":[{"name":"wp","href":"https:\/\/api.w.org\/{rel}","templated":true}]}}