{"id":2349,"date":"2017-09-29T16:30:09","date_gmt":"2017-09-29T16:30:09","guid":{"rendered":"https:\/\/elementor3.thembay.com\/puca\/?post_type=product&#038;p=2349"},"modified":"2024-12-08T16:31:26","modified_gmt":"2024-12-08T16:31:26","slug":"giay-nu-tap-the-duc","status":"publish","type":"product","link":"https:\/\/8275.matbao.website\/index.php\/product\/giay-nu-tap-the-duc\/","title":{"rendered":"Gi\u00e0y n\u1eef t\u1eadp th\u1ec3 d\u1ee5c"},"content":{"rendered":"<h3><strong>Thi\u1ebft K\u1ebf D\u1ec5 Di Chuy\u1ec3n v\u00e0 Tho\u1ea3i M\u00e1i<\/strong><\/h3>\n<p>Gi\u00e0y t\u1eadp th\u1ec3 d\u1ee5c n\u1eef th\u01b0\u1eddng \u0111\u01b0\u1ee3c thi\u1ebft k\u1ebf v\u1edbi \u0111\u1ebf m\u1ec1m m\u1ea1i, gi\u00fap gi\u1ea3m shock khi ti\u1ebfp \u0111\u1ea5t v\u00e0 b\u1ea3o v\u1ec7 kh\u1edbp g\u1ed1i, c\u1ed5 ch\u00e2n. Ch\u1ea5t li\u1ec7u gi\u00e0y th\u01b0\u1eddng l\u00e0 v\u1ea3i l\u01b0\u1edbi ho\u1eb7c da t\u1ed5ng h\u1ee3p, t\u1ea1o s\u1ef1 th\u00f4ng tho\u00e1ng, tho\u1ea3i m\u00e1i v\u00e0 h\u1ea1n ch\u1ebf t\u00ecnh tr\u1ea1ng \u0111\u1ed5 m\u1ed3 h\u00f4i, gi\u1eef cho \u0111\u00f4i ch\u00e2n kh\u00f4 r\u00e1o trong su\u1ed1t qu\u00e1 tr\u00ecnh luy\u1ec7n t\u1eadp.<\/p>\n<h3><strong>H\u1ed7 Tr\u1ee3 T\u1ed1t Cho M\u1ecdi Ho\u1ea1t \u0110\u1ed9ng<\/strong><\/h3>\n<p>D\u00f9 b\u1ea1n \u0111ang t\u1eadp gym, ch\u1ea1y b\u1ed9, hay tham gia c\u00e1c l\u1edbp th\u1ec3 d\u1ee5c nh\u1ecbp \u0111i\u1ec7u, gi\u00e0y t\u1eadp th\u1ec3 d\u1ee5c n\u1eef s\u1ebd mang \u0111\u1ebfn s\u1ef1 linh ho\u1ea1t v\u00e0 \u0111\u1ed9 \u1ed5n \u0111\u1ecbnh c\u1ea7n thi\u1ebft. \u0110\u1eb7c bi\u1ec7t, \u0111\u1ebf gi\u00e0y c\u00f3 thi\u1ebft k\u1ebf r\u00e3nh ch\u1ed1ng tr\u01b0\u1ee3t, gi\u00fap t\u0103ng c\u01b0\u1eddng \u0111\u1ed9 b\u00e1m v\u00e0 gi\u1ea3m nguy c\u01a1 b\u1ecb tr\u01b0\u1ee3t ng\u00e3 trong qu\u00e1 tr\u00ecnh luy\u1ec7n t\u1eadp.<\/p>\n<h3><strong>Phong C\u00e1ch Th\u1eddi Trang v\u00e0 \u0110a D\u1ea1ng<\/strong><\/h3>\n<p>Gi\u00e0y t\u1eadp th\u1ec3 d\u1ee5c n\u1eef kh\u00f4ng ch\u1ec9 t\u1eadp trung v\u00e0o ch\u1ea5t l\u01b0\u1ee3ng m\u00e0 c\u00f2n r\u1ea5t ch\u00fa tr\u1ecdng v\u00e0o y\u1ebfu t\u1ed1 th\u1eddi trang. V\u1edbi c\u00e1c m\u1eabu m\u00e3 \u0111a d\u1ea1ng, t\u1eeb nh\u1eefng \u0111\u00f4i gi\u00e0y th\u1ec3 thao \u0111\u01a1n gi\u1ea3n \u0111\u1ebfn c\u00e1c m\u1eabu th\u1ec3 thao n\u0103ng \u0111\u1ed9ng v\u00e0 hi\u1ec7n \u0111\u1ea1i, b\u1ea1n d\u1ec5 d\u00e0ng l\u1ef1a ch\u1ecdn \u0111\u00f4i gi\u00e0y ph\u00f9 h\u1ee3p v\u1edbi phong c\u00e1ch v\u00e0 nhu c\u1ea7u t\u1eadp luy\u1ec7n c\u1ee7a m\u00ecnh.<\/p>\n<p>Ch\u1ecdn gi\u00e0y t\u1eadp th\u1ec3 d\u1ee5c n\u1eef kh\u00f4ng ch\u1ec9 gi\u00fap b\u1ea1n \u0111\u1ea1t hi\u1ec7u qu\u1ea3 cao trong vi\u1ec7c r\u00e8n luy\u1ec7n th\u1ec3 l\u1ef1c, m\u00e0 c\u00f2n b\u1ea3o v\u1ec7 s\u1ee9c kh\u1ecfe l\u00e2u d\u00e0i cho \u0111\u00f4i ch\u00e2n.<\/p>\n","protected":false},"excerpt":{"rendered":"<p>Gi\u00e0y n\u1eef t\u1eadp th\u1ec3 d\u1ee5c l\u00e0 m\u1ed9t trong nh\u1eefng ph\u1ee5 ki\u1ec7n quan tr\u1ecdng gi\u00fap n\u00e2ng cao hi\u1ec7u su\u1ea5t t\u1eadp luy\u1ec7n v\u00e0 b\u1ea3o v\u1ec7 \u0111\u00f4i ch\u00e2n. V\u1edbi thi\u1ebft k\u1ebf \u0111\u1eb7c bi\u1ec7t, nh\u1eefng \u0111\u00f4i gi\u00e0y n\u00e0y mang \u0111\u1ebfn s\u1ef1 tho\u1ea3i m\u00e1i, \u0111\u1ed9 b\u00e1m t\u1ed1t v\u00e0 h\u1ed7 tr\u1ee3 t\u1ed1i \u0111a trong m\u1ecdi ho\u1ea1t \u0111\u1ed9ng th\u1ec3 thao.<\/p>\n","protected":false},"featured_media":2368,"comment_status":"open","ping_status":"closed","template":"","meta":[],"product_cat":[48,34,50],"product_tag":[51,27,29],"class_list":{"0":"post-2349","1":"product","2":"type-product","3":"status-publish","4":"has-post-thumbnail","6":"product_cat-giay","7":"product_cat-quan-ao","8":"product_cat-women","9":"product_tag-nu","10":"product_tag-phu-kien","11":"product_tag-tui-xach","12":"yith_product_brand-big-c","15":"instock","16":"shipping-taxable","17":"purchasable","18":"product-type-variable","19":"has-default-attributes"},"_links":{"self":[{"href":"https:\/\/8275.matbao.website\/index.php\/wp-json\/wp\/v2\/product\/2349"}],"collection":[{"href":"https:\/\/8275.matbao.website\/index.php\/wp-json\/wp\/v2\/product"}],"about":[{"href":"https:\/\/8275.matbao.website\/index.php\/wp-json\/wp\/v2\/types\/product"}],"replies":[{"embeddable":true,"href":"https:\/\/8275.matbao.website\/index.php\/wp-json\/wp\/v2\/comments?post=2349"}],"wp:featuredmedia":[{"embeddable":true,"href":"https:\/\/8275.matbao.website\/index.php\/wp-json\/wp\/v2\/media\/2368"}],"wp:attachment":[{"href":"https:\/\/8275.matbao.website\/index.php\/wp-json\/wp\/v2\/media?parent=2349"}],"wp:term":[{"taxonomy":"product_cat","embeddable":true,"href":"https:\/\/8275.matbao.website\/index.php\/wp-json\/wp\/v2\/product_cat?post=2349"},{"taxonomy":"product_tag","embeddable":true,"href":"https:\/\/8275.matbao.website\/index.php\/wp-json\/wp\/v2\/product_tag?post=2349"}],"curies":[{"name":"wp","href":"https:\/\/api.w.org\/{rel}","templated":true}]}}